{"id":13,"date":"2025-06-19T18:33:43","date_gmt":"2025-06-19T21:33:43","guid":{"rendered":"https:\/\/www.alvimcoelho.adv.br\/?page_id=13"},"modified":"2025-07-07T19:04:18","modified_gmt":"2025-07-07T22:04:18","slug":"areas","status":"publish","type":"page","link":"https:\/\/www.alvimcoelho.adv.br\/es\/areas\/","title":{"rendered":"\u00c1reas"},"content":{"rendered":"<p>Trabajamos en las \u00e1reas contenciosa y de asesoramiento y somos una referencia en los sectores de la automoci\u00f3n, los repuestos de autom\u00f3viles, la electr\u00f3nica, los electrodom\u00e9sticos y la industria qu\u00edmica. Tambi\u00e9n atendemos a clientes de los sectores sider\u00fargico y minero; caucho y pl\u00e1stico; tecnolog\u00eda de la informaci\u00f3n y procesamiento de datos; turismo; tercer sector; bancos; comercio minorista; construcci\u00f3n civil e ingenier\u00eda; infraestructura; transporte y log\u00edstica; inmobiliario; productos de consumo, entre otros segmentos econ\u00f3micos.<\/p>\n<p>Actuamos en todo el territorio nacional en reclamaciones en los \u00e1mbitos judicial, arbitral y administrativo, y en las diversas \u00e1reas del Derecho Empresarial.<\/p>","protected":false},"excerpt":{"rendered":"<p>Conozca nuestras \u00e1reas de actuaci\u00f3n<\/p>\n","protected":false},"author":1,"featured_media":42,"parent":0,"menu_order":1,"comment_status":"closed","ping_status":"closed","template":"page-areas.php","meta":{"_acf_changed":false,"footnotes":""},"class_list":["post-13","page","type-page","status-publish","has-post-thumbnail","hentry"],"acf":[],"yoast_head":"<!-- This site is optimized with the Yoast SEO plugin v26.9 - https:\/\/yoast.com\/product\/yoast-seo-wordpress\/ -->\n<title>\u00c1reas - Alvim Coelho<\/title>\n<meta name=\"robots\" content=\"index, follow, max-snippet:-1, max-image-preview:large, max-video-preview:-1\" \/>\n<link rel=\"canonical\" href=\"https:\/\/www.alvimcoelho.adv.br\/es\/areas\/\" \/>\n<meta property=\"og:locale\" content=\"es_ES\" \/>\n<meta property=\"og:type\" content=\"article\" \/>\n<meta property=\"og:title\" content=\"\u00c1reas - Alvim Coelho\" \/>\n<meta property=\"og:description\" content=\"Conozca nuestras \u00e1reas de actuaci\u00f3n\" \/>\n<meta property=\"og:url\" content=\"https:\/\/www.alvimcoelho.adv.br\/es\/areas\/\" \/>\n<meta property=\"og:site_name\" content=\"Alvim Coelho\" \/>\n<meta property=\"article:publisher\" content=\"https:\/\/www.facebook.com\/alvimcoelhoadvogados\/\" \/>\n<meta property=\"article:modified_time\" content=\"2025-07-07T22:04:18+00:00\" \/>\n<meta property=\"og:image\" content=\"https:\/\/www.alvimcoelho.adv.br\/wp-content\/uploads\/2025\/06\/pexels-andrea-piacquadio-3760069.jpg\" \/>\n\t<meta property=\"og:image:width\" content=\"1280\" \/>\n\t<meta property=\"og:image:height\" content=\"853\" \/>\n\t<meta property=\"og:image:type\" content=\"image\/jpeg\" \/>\n<meta name=\"twitter:card\" content=\"summary_large_image\" \/>\n<meta name=\"twitter:label1\" content=\"Tiempo de lectura\" \/>\n\t<meta name=\"twitter:data1\" content=\"1 minuto\" \/>\n<script type=\"application\/ld+json\" class=\"yoast-schema-graph\">{\"@context\":\"https:\/\/schema.org\",\"@graph\":[{\"@type\":\"WebPage\",\"@id\":\"https:\/\/www.alvimcoelho.adv.br\/es\/areas\/\",\"url\":\"https:\/\/www.alvimcoelho.adv.br\/es\/areas\/\",\"name\":\"\u00c1reas - Alvim Coelho\",\"isPartOf\":{\"@id\":\"https:\/\/www.alvimcoelho.adv.br\/es\/#website\"},\"primaryImageOfPage\":{\"@id\":\"https:\/\/www.alvimcoelho.adv.br\/es\/areas\/#primaryimage\"},\"image\":{\"@id\":\"https:\/\/www.alvimcoelho.adv.br\/areas\/#primaryimage\"},\"thumbnailUrl\":\"https:\/\/www.alvimcoelho.adv.br\/wp-content\/uploads\/2025\/06\/pexels-andrea-piacquadio-3760069.jpg\",\"datePublished\":\"2025-06-19T21:33:43+00:00\",\"dateModified\":\"2025-07-07T22:04:18+00:00\",\"breadcrumb\":{\"@id\":\"https:\/\/www.alvimcoelho.adv.br\/es\/areas\/#breadcrumb\"},\"inLanguage\":\"es\",\"potentialAction\":[{\"@type\":\"ReadAction\",\"target\":[[\"https:\/\/www.alvimcoelho.adv.br\/es\/areas\/\"]]}]},{\"@type\":\"ImageObject\",\"inLanguage\":\"es\",\"@id\":\"https:\/\/www.alvimcoelho.adv.br\/es\/areas\/#primaryimage\",\"url\":\"https:\/\/www.alvimcoelho.adv.br\/wp-content\/uploads\/2025\/06\/pexels-andrea-piacquadio-3760069.jpg\",\"contentUrl\":\"https:\/\/www.alvimcoelho.adv.br\/wp-content\/uploads\/2025\/06\/pexels-andrea-piacquadio-3760069.jpg\",\"width\":1280,\"height\":853},{\"@type\":\"BreadcrumbList\",\"@id\":\"https:\/\/www.alvimcoelho.adv.br\/es\/areas\/#breadcrumb\",\"itemListElement\":[{\"@type\":\"ListItem\",\"position\":1,\"name\":\"In\u00edcio\",\"item\":\"https:\/\/www.alvimcoelho.adv.br\/es\/\"},{\"@type\":\"ListItem\",\"position\":2,\"name\":\"\u00c1reas\"}]},{\"@type\":\"WebSite\",\"@id\":\"https:\/\/www.alvimcoelho.adv.br\/es\/#website\",\"url\":\"https:\/\/www.alvimcoelho.adv.br\/es\/\",\"name\":\"Alvim Coelho Sociedade de Advogados\",\"description\":\"\",\"publisher\":{\"@id\":\"https:\/\/www.alvimcoelho.adv.br\/es\/#organization\"},\"potentialAction\":[{\"@type\":\"SearchAction\",\"target\":{\"@type\":\"EntryPoint\",\"urlTemplate\":\"https:\/\/www.alvimcoelho.adv.br\/es\/?s={search_term_string}\"},\"query-input\":{\"@type\":\"PropertyValueSpecification\",\"valueRequired\":true,\"valueName\":\"search_term_string\"}}],\"inLanguage\":\"es\"},{\"@type\":\"Organization\",\"@id\":\"https:\/\/www.alvimcoelho.adv.br\/es\/#organization\",\"name\":\"Alvim Coelho Sociedade de Advogados\",\"url\":\"https:\/\/www.alvimcoelho.adv.br\/es\/\",\"logo\":{\"@type\":\"ImageObject\",\"inLanguage\":\"es\",\"@id\":\"https:\/\/www.alvimcoelho.adv.br\/es\/#\/schema\/logo\/image\/\",\"url\":\"https:\/\/www.alvimcoelho.adv.br\/wp-content\/uploads\/2025\/08\/Design-sem-nome-19.png\",\"contentUrl\":\"https:\/\/www.alvimcoelho.adv.br\/wp-content\/uploads\/2025\/08\/Design-sem-nome-19.png\",\"width\":500,\"height\":500,\"caption\":\"Alvim Coelho Sociedade de Advogados\"},\"image\":{\"@id\":\"https:\/\/www.alvimcoelho.adv.br\/es\/#\/schema\/logo\/image\/\"},\"sameAs\":[\"https:\/\/www.facebook.com\/alvimcoelhoadvogados\/\",\"https:\/\/www.linkedin.com\/company\/alvim-coelho-sociedade-de-advogados\/\"]}]}<\/script>\n<!-- \/ Yoast SEO plugin. -->","yoast_head_json":{"title":"\u00c1reas - Alvim Coelho","robots":{"index":"index","follow":"follow","max-snippet":"max-snippet:-1","max-image-preview":"max-image-preview:large","max-video-preview":"max-video-preview:-1"},"canonical":"https:\/\/www.alvimcoelho.adv.br\/es\/areas\/","og_locale":"es_ES","og_type":"article","og_title":"\u00c1reas - Alvim Coelho","og_description":"Conozca nuestras \u00e1reas de actuaci\u00f3n","og_url":"https:\/\/www.alvimcoelho.adv.br\/es\/areas\/","og_site_name":"Alvim Coelho","article_publisher":"https:\/\/www.facebook.com\/alvimcoelhoadvogados\/","article_modified_time":"2025-07-07T22:04:18+00:00","og_image":[{"width":1280,"height":853,"url":"https:\/\/www.alvimcoelho.adv.br\/wp-content\/uploads\/2025\/06\/pexels-andrea-piacquadio-3760069.jpg","type":"image\/jpeg"}],"twitter_card":"summary_large_image","twitter_misc":{"Tiempo de lectura":"1 minuto"},"schema":{"@context":"https:\/\/schema.org","@graph":[{"@type":"WebPage","@id":"https:\/\/www.alvimcoelho.adv.br\/es\/areas\/","url":"https:\/\/www.alvimcoelho.adv.br\/es\/areas\/","name":"\u00c1reas - Alvim Coelho","isPartOf":{"@id":"https:\/\/www.alvimcoelho.adv.br\/es\/#website"},"primaryImageOfPage":{"@id":"https:\/\/www.alvimcoelho.adv.br\/es\/areas\/#primaryimage"},"image":{"@id":"https:\/\/www.alvimcoelho.adv.br\/areas\/#primaryimage"},"thumbnailUrl":"https:\/\/www.alvimcoelho.adv.br\/wp-content\/uploads\/2025\/06\/pexels-andrea-piacquadio-3760069.jpg","datePublished":"2025-06-19T21:33:43+00:00","dateModified":"2025-07-07T22:04:18+00:00","breadcrumb":{"@id":"https:\/\/www.alvimcoelho.adv.br\/es\/areas\/#breadcrumb"},"inLanguage":"es","potentialAction":[{"@type":"ReadAction","target":[["https:\/\/www.alvimcoelho.adv.br\/es\/areas\/"]]}]},{"@type":"ImageObject","inLanguage":"es","@id":"https:\/\/www.alvimcoelho.adv.br\/es\/areas\/#primaryimage","url":"https:\/\/www.alvimcoelho.adv.br\/wp-content\/uploads\/2025\/06\/pexels-andrea-piacquadio-3760069.jpg","contentUrl":"https:\/\/www.alvimcoelho.adv.br\/wp-content\/uploads\/2025\/06\/pexels-andrea-piacquadio-3760069.jpg","width":1280,"height":853},{"@type":"BreadcrumbList","@id":"https:\/\/www.alvimcoelho.adv.br\/es\/areas\/#breadcrumb","itemListElement":[{"@type":"ListItem","position":1,"name":"In\u00edcio","item":"https:\/\/www.alvimcoelho.adv.br\/es\/"},{"@type":"ListItem","position":2,"name":"\u00c1reas"}]},{"@type":"WebSite","@id":"https:\/\/www.alvimcoelho.adv.br\/es\/#website","url":"https:\/\/www.alvimcoelho.adv.br\/es\/","name":"Alvim Coelho Sociedade de Advogados","description":"","publisher":{"@id":"https:\/\/www.alvimcoelho.adv.br\/es\/#organization"},"potentialAction":[{"@type":"SearchAction","target":{"@type":"EntryPoint","urlTemplate":"https:\/\/www.alvimcoelho.adv.br\/es\/?s={search_term_string}"},"query-input":{"@type":"PropertyValueSpecification","valueRequired":true,"valueName":"search_term_string"}}],"inLanguage":"es"},{"@type":"Organization","@id":"https:\/\/www.alvimcoelho.adv.br\/es\/#organization","name":"Alvim Coelho Sociedade de Advogados","url":"https:\/\/www.alvimcoelho.adv.br\/es\/","logo":{"@type":"ImageObject","inLanguage":"es","@id":"https:\/\/www.alvimcoelho.adv.br\/es\/#\/schema\/logo\/image\/","url":"https:\/\/www.alvimcoelho.adv.br\/wp-content\/uploads\/2025\/08\/Design-sem-nome-19.png","contentUrl":"https:\/\/www.alvimcoelho.adv.br\/wp-content\/uploads\/2025\/08\/Design-sem-nome-19.png","width":500,"height":500,"caption":"Alvim Coelho Sociedade de Advogados"},"image":{"@id":"https:\/\/www.alvimcoelho.adv.br\/es\/#\/schema\/logo\/image\/"},"sameAs":["https:\/\/www.facebook.com\/alvimcoelhoadvogados\/","https:\/\/www.linkedin.com\/company\/alvim-coelho-sociedade-de-advogados\/"]}]}},"_links":{"self":[{"href":"https:\/\/www.alvimcoelho.adv.br\/es\/wp-json\/wp\/v2\/pages\/13","targetHints":{"allow":["GET"]}}],"collection":[{"href":"https:\/\/www.alvimcoelho.adv.br\/es\/wp-json\/wp\/v2\/pages"}],"about":[{"href":"https:\/\/www.alvimcoelho.adv.br\/es\/wp-json\/wp\/v2\/types\/page"}],"author":[{"embeddable":true,"href":"https:\/\/www.alvimcoelho.adv.br\/es\/wp-json\/wp\/v2\/users\/1"}],"replies":[{"embeddable":true,"href":"https:\/\/www.alvimcoelho.adv.br\/es\/wp-json\/wp\/v2\/comments?post=13"}],"version-history":[{"count":6,"href":"https:\/\/www.alvimcoelho.adv.br\/es\/wp-json\/wp\/v2\/pages\/13\/revisions"}],"predecessor-version":[{"id":267,"href":"https:\/\/www.alvimcoelho.adv.br\/es\/wp-json\/wp\/v2\/pages\/13\/revisions\/267"}],"wp:featuredmedia":[{"embeddable":true,"href":"https:\/\/www.alvimcoelho.adv.br\/es\/wp-json\/wp\/v2\/media\/42"}],"wp:attachment":[{"href":"https:\/\/www.alvimcoelho.adv.br\/es\/wp-json\/wp\/v2\/media?parent=13"}],"curies":[{"name":"wp","href":"https:\/\/api.w.org\/{rel}","templated":true}]}}